{"id":263,"date":"2021-10-21T08:40:18","date_gmt":"2021-10-21T08:40:18","guid":{"rendered":"http:\/\/www.helianto.eu\/4R\/?page_id=263"},"modified":"2021-10-25T18:57:18","modified_gmt":"2021-10-25T18:57:18","slug":"reutilizar","status":"publish","type":"page","link":"http:\/\/www.helianto.eu\/4R\/reutilizar\/","title":{"rendered":"Reutilizar"},"content":{"rendered":"\t\t<div data-elementor-type=\"wp-page\" data-elementor-id=\"263\" class=\"elementor elementor-263\" data-elementor-settings=\"[]\">\n\t\t\t\t\t\t\t<div class=\"elementor-section-wrap\">\n\t\t\t\t\t\t\t<section class=\"elementor-section elementor-top-section elementor-element elementor-element-6da896cc elementor-section-full_width elementor-section-height-default elementor-section-height-default\" data-id=\"6da896cc\" data-element_type=\"section\">\n\t\t\t\t\t\t<div class=\"elementor-container elementor-column-gap-no\">\n\t\t\t\t\t<div class=\"elementor-column elementor-col-100 elementor-top-column elementor-element elementor-element-36392f74\" data-id=\"36392f74\" data-element_type=\"column\">\n\t\t\t<div class=\"elementor-widget-wrap elementor-element-populated\">\n\t\t\t\t\t\t\t\t<div class=\"elementor-element elementor-element-78f52788 elementor-invisible elementor-widget elementor-widget-heading\" data-id=\"78f52788\" data-element_type=\"widget\" data-settings=\"{&quot;_animation&quot;:&quot;fadeInUp&quot;}\" data-widget_type=\"heading.default\">\n\t\t\t\t<div class=\"elementor-widget-container\">\n\t\t\t<h1 class=\"elementor-heading-title elementor-size-default\">reutilizar<\/h1>\t\t<\/div>\n\t\t\t\t<\/div>\n\t\t\t\t<div class=\"elementor-element elementor-element-4a3c4aab elementor-widget__width-auto elementor-widget elementor-widget-heading\" data-id=\"4a3c4aab\" data-element_type=\"widget\" data-widget_type=\"heading.default\">\n\t\t\t\t<div class=\"elementor-widget-container\">\n\t\t\t<h6 class=\"elementor-heading-title elementor-size-default\">alargar la vida \u00fatil al producto, d\u00e1ndole un nuevo uso<\/h6>\t\t<\/div>\n\t\t\t\t<\/div>\n\t\t\t\t<div class=\"elementor-element elementor-element-354f7f4b elementor-widget elementor-widget-image\" data-id=\"354f7f4b\" data-element_type=\"widget\" data-widget_type=\"image.default\">\n\t\t\t\t<div class=\"elementor-widget-container\">\n\t\t\t\t\t\t\t\t\t\t\t\t\t\t\t<img loading=\"lazy\" decoding=\"async\" width=\"1600\" height=\"1200\" src=\"http:\/\/www.helianto.eu\/4R\/wp-content\/uploads\/2021\/10\/DSC03872.jpg\" class=\"attachment-full size-full\" alt=\"\" srcset=\"http:\/\/www.helianto.eu\/4R\/wp-content\/uploads\/2021\/10\/DSC03872.jpg 1600w, http:\/\/www.helianto.eu\/4R\/wp-content\/uploads\/2021\/10\/DSC03872-300x225.jpg 300w, http:\/\/www.helianto.eu\/4R\/wp-content\/uploads\/2021\/10\/DSC03872-1024x768.jpg 1024w, http:\/\/www.helianto.eu\/4R\/wp-content\/uploads\/2021\/10\/DSC03872-768x576.jpg 768w, http:\/\/www.helianto.eu\/4R\/wp-content\/uploads\/2021\/10\/DSC03872-1536x1152.jpg 1536w\" sizes=\"auto, (max-width: 1600px) 100vw, 1600px\" \/>\t\t\t\t\t\t\t\t\t\t\t\t\t\t\t<\/div>\n\t\t\t\t<\/div>\n\t\t\t\t\t<\/div>\n\t\t<\/div>\n\t\t\t\t\t\t\t<\/div>\n\t\t<\/section>\n\t\t\t\t<section class=\"elementor-section elementor-top-section elementor-element elementor-element-7574a518 elementor-section-full_width elementor-section-content-middle elementor-section-height-default elementor-section-height-default\" data-id=\"7574a518\" data-element_type=\"section\">\n\t\t\t\t\t\t<div class=\"elementor-container elementor-column-gap-no\">\n\t\t\t\t\t<div class=\"elementor-column elementor-col-50 elementor-top-column elementor-element elementor-element-20be07c6\" data-id=\"20be07c6\" data-element_type=\"column\">\n\t\t\t<div class=\"elementor-widget-wrap elementor-element-populated\">\n\t\t\t\t\t\t\t\t<div class=\"elementor-element elementor-element-249c2529 elementor-widget__width-initial elementor-widget-tablet__width-initial elementor-widget-mobile__width-initial elementor-widget elementor-widget-image\" data-id=\"249c2529\" data-element_type=\"widget\" data-widget_type=\"image.default\">\n\t\t\t\t<div class=\"elementor-widget-container\">\n\t\t\t\t\t\t\t\t\t\t\t\t\t\t\t<img loading=\"lazy\" decoding=\"async\" width=\"1200\" height=\"900\" src=\"http:\/\/www.helianto.eu\/4R\/wp-content\/uploads\/2021\/10\/1200px-Brand_new_second_hand.jpg\" class=\"attachment-full size-full\" alt=\"\" srcset=\"http:\/\/www.helianto.eu\/4R\/wp-content\/uploads\/2021\/10\/1200px-Brand_new_second_hand.jpg 1200w, http:\/\/www.helianto.eu\/4R\/wp-content\/uploads\/2021\/10\/1200px-Brand_new_second_hand-300x225.jpg 300w, http:\/\/www.helianto.eu\/4R\/wp-content\/uploads\/2021\/10\/1200px-Brand_new_second_hand-1024x768.jpg 1024w, http:\/\/www.helianto.eu\/4R\/wp-content\/uploads\/2021\/10\/1200px-Brand_new_second_hand-768x576.jpg 768w\" sizes=\"auto, (max-width: 1200px) 100vw, 1200px\" \/>\t\t\t\t\t\t\t\t\t\t\t\t\t\t\t<\/div>\n\t\t\t\t<\/div>\n\t\t\t\t<div class=\"elementor-element elementor-element-fe7be36 elementor-widget__width-initial elementor-widget-tablet__width-initial elementor-widget-mobile__width-initial elementor-widget elementor-widget-image\" data-id=\"fe7be36\" data-element_type=\"widget\" data-widget_type=\"image.default\">\n\t\t\t\t<div class=\"elementor-widget-container\">\n\t\t\t\t\t\t\t\t\t\t\t\t\t\t\t<img loading=\"lazy\" decoding=\"async\" width=\"1024\" height=\"768\" src=\"http:\/\/www.helianto.eu\/4R\/wp-content\/uploads\/2021\/10\/iriso_hr_2.jpg\" class=\"attachment-full size-full\" alt=\"\" srcset=\"http:\/\/www.helianto.eu\/4R\/wp-content\/uploads\/2021\/10\/iriso_hr_2.jpg 1024w, http:\/\/www.helianto.eu\/4R\/wp-content\/uploads\/2021\/10\/iriso_hr_2-300x225.jpg 300w, http:\/\/www.helianto.eu\/4R\/wp-content\/uploads\/2021\/10\/iriso_hr_2-768x576.jpg 768w\" sizes=\"auto, (max-width: 1024px) 100vw, 1024px\" \/>\t\t\t\t\t\t\t\t\t\t\t\t\t\t\t<\/div>\n\t\t\t\t<\/div>\n\t\t\t\t\t<\/div>\n\t\t<\/div>\n\t\t\t\t<div class=\"elementor-column elementor-col-50 elementor-top-column elementor-element elementor-element-74d3036b\" data-id=\"74d3036b\" data-element_type=\"column\">\n\t\t\t<div class=\"elementor-widget-wrap elementor-element-populated\">\n\t\t\t\t\t\t\t\t<div class=\"elementor-element elementor-element-5d6b4d80 elementor-widget elementor-widget-heading\" data-id=\"5d6b4d80\" data-element_type=\"widget\" data-widget_type=\"heading.default\">\n\t\t\t\t<div class=\"elementor-widget-container\">\n\t\t\t<h6 class=\"elementor-heading-title elementor-size-default\">las soluciones: 4r<\/h6>\t\t<\/div>\n\t\t\t\t<\/div>\n\t\t\t\t<div class=\"elementor-element elementor-element-3edba6d5 elementor-widget elementor-widget-heading\" data-id=\"3edba6d5\" data-element_type=\"widget\" data-widget_type=\"heading.default\">\n\t\t\t\t<div class=\"elementor-widget-container\">\n\t\t\t<h2 class=\"elementor-heading-title elementor-size-default\">reutilizar<\/h2>\t\t<\/div>\n\t\t\t\t<\/div>\n\t\t\t\t<div class=\"elementor-element elementor-element-3ca233 elementor-widget elementor-widget-text-editor\" data-id=\"3ca233\" data-element_type=\"widget\" data-widget_type=\"text-editor.default\">\n\t\t\t\t<div class=\"elementor-widget-container\">\n\t\t\t\t\t\t\t<p><strong>\u00bfQu\u00e9 es REUTILIZAR?<\/strong><br \/>Consiste en volver a utilizar el mismo producto de nuevo, despu\u00e9s de haber sido transformado, actualizado o reparado, alargando su vida \u00fatil y ahorrando recursos.<\/p><p>Ayuda a disminuir la brecha entre consumo de recursos y producci\u00f3n de desechos.<\/p><p><strong>Ventajas de reutilizar<\/strong><br \/><strong>Para la ecolog\u00eda<\/strong>:<\/p><ul><li>Disminuye la generaci\u00f3n de desechos.<\/li><li>Reduce la contaminaci\u00f3n del aire y agua.<\/li><li>Disminuye la extracci\u00f3n de materia prima y recursos.<\/li><\/ul><p><strong>Para la econom\u00eda:<\/strong><\/p><ul><li>Reduce el coste de combustible, agua y materiales al reducir la producci\u00f3n de nuevos productos.<\/li><li>Disminuye el costo de la gesti\u00f3n de los residuos.<\/li><li>Abre nuevas oportunidades de negocio.<\/li><li>Genera puestos de trabajo.<\/li><li>Reduce los gastos en la econom\u00eda dom\u00e9stica<\/li><\/ul>\t\t\t\t\t\t<\/div>\n\t\t\t\t<\/div>\n\t\t\t\t\t<\/div>\n\t\t<\/div>\n\t\t\t\t\t\t\t<\/div>\n\t\t<\/section>\n\t\t\t\t<section class=\"elementor-section elementor-top-section elementor-element elementor-element-742c6a34 elementor-section-full_width elementor-section-height-min-height elementor-section-items-stretch elementor-section-content-middle elementor-section-height-default\" data-id=\"742c6a34\" data-element_type=\"section\" data-settings=\"{&quot;background_background&quot;:&quot;classic&quot;}\">\n\t\t\t\t\t\t<div class=\"elementor-container elementor-column-gap-no\">\n\t\t\t\t\t<div class=\"elementor-column elementor-col-50 elementor-top-column elementor-element elementor-element-3eab2a4a\" data-id=\"3eab2a4a\" data-element_type=\"column\" data-settings=\"{&quot;background_background&quot;:&quot;classic&quot;}\">\n\t\t\t<div class=\"elementor-widget-wrap elementor-element-populated\">\n\t\t\t\t\t\t\t\t<div class=\"elementor-element elementor-element-1ab1f1db elementor-widget elementor-widget-spacer\" data-id=\"1ab1f1db\" data-element_type=\"widget\" data-widget_type=\"spacer.default\">\n\t\t\t\t<div class=\"elementor-widget-container\">\n\t\t\t\t\t<div class=\"elementor-spacer\">\n\t\t\t<div class=\"elementor-spacer-inner\"><\/div>\n\t\t<\/div>\n\t\t\t\t<\/div>\n\t\t\t\t<\/div>\n\t\t\t\t\t<\/div>\n\t\t<\/div>\n\t\t\t\t<div class=\"elementor-column elementor-col-50 elementor-top-column elementor-element elementor-element-64c0ed00\" data-id=\"64c0ed00\" data-element_type=\"column\">\n\t\t\t<div class=\"elementor-widget-wrap elementor-element-populated\">\n\t\t\t\t\t\t\t\t<div class=\"elementor-element elementor-element-3c2f093e elementor-view-default elementor-position-top elementor-vertical-align-top elementor-widget elementor-widget-icon-box\" data-id=\"3c2f093e\" data-element_type=\"widget\" data-widget_type=\"icon-box.default\">\n\t\t\t\t<div class=\"elementor-widget-container\">\n\t\t\t\t\t<div class=\"elementor-icon-box-wrapper\">\n\t\t\t\t\t\t<div class=\"elementor-icon-box-icon\">\n\t\t\t\t<span class=\"elementor-icon elementor-animation-\" >\n\t\t\t\t<svg xmlns=\"http:\/\/www.w3.org\/2000\/svg\" id=\"babd51c6-232f-4668-aa27-cf262924e93d\" data-name=\"Layer 1\" width=\"61.8\" height=\"53.9999\" viewBox=\"0 0 61.8 53.9999\"><path d=\"M58.6,34.2a11.0935,11.0935,0,0,0-8.4-3.6,4.0745,4.0745,0,0,1-3-1,4.5281,4.5281,0,0,1-1-3q0-6.6,4.8-13A39.3606,39.3606,0,0,1,62,3.4L59.8.2Q47.2,6.4,41,15.6a35.6044,35.6044,0,0,0-6,20.2q0,8.2,4,13.4a13.8883,13.8883,0,0,0,11.2,5A11.7892,11.7892,0,0,0,58.6,51a11.0936,11.0936,0,0,0,3.6-8.4A11.0936,11.0936,0,0,0,58.6,34.2Z\" transform=\"translate(-0.4 -0.2)\"><\/path><path d=\"M15.6,30.6a4.0745,4.0745,0,0,1-3-1,4.5281,4.5281,0,0,1-1-3q0-6.6,4.8-13a39.3606,39.3606,0,0,1,11-10.2L25.2.2Q12.6,6.4,6.4,15.6a35.6044,35.6044,0,0,0-6,20.2q0,8.2,4,13.4a13.8883,13.8883,0,0,0,11.2,5A11.7892,11.7892,0,0,0,24,51a11.0936,11.0936,0,0,0,3.6-8.4A11.0936,11.0936,0,0,0,24,34.2,11.0935,11.0935,0,0,0,15.6,30.6Z\" transform=\"translate(-0.4 -0.2)\"><\/path><\/svg>\t\t\t\t<\/span>\n\t\t\t<\/div>\n\t\t\t\t\t\t<div class=\"elementor-icon-box-content\">\n\t\t\t\t<h3 class=\"elementor-icon-box-title\">\n\t\t\t\t\t<span  >\n\t\t\t\t\t\t\" La basura que generamos solo demuestra lo limitado de  nuestra imaginaci\u00f3n.\u201d\t\t\t\t\t<\/span>\n\t\t\t\t<\/h3>\n\t\t\t\t\t\t\t<\/div>\n\t\t<\/div>\n\t\t\t\t<\/div>\n\t\t\t\t<\/div>\n\t\t\t\t\t<\/div>\n\t\t<\/div>\n\t\t\t\t\t\t\t<\/div>\n\t\t<\/section>\n\t\t\t\t<section class=\"elementor-section elementor-top-section elementor-element elementor-element-2995cb8 elementor-section-boxed elementor-section-height-default elementor-section-height-default\" data-id=\"2995cb8\" data-element_type=\"section\">\n\t\t\t\t\t\t<div class=\"elementor-container elementor-column-gap-no\">\n\t\t\t\t\t<div class=\"elementor-column elementor-col-100 elementor-top-column elementor-element elementor-element-f5506a7\" data-id=\"f5506a7\" data-element_type=\"column\">\n\t\t\t<div class=\"elementor-widget-wrap elementor-element-populated\">\n\t\t\t\t\t\t\t\t<div class=\"elementor-element elementor-element-7b7daf4 elementor-widget elementor-widget-heading\" data-id=\"7b7daf4\" data-element_type=\"widget\" data-widget_type=\"heading.default\">\n\t\t\t\t<div class=\"elementor-widget-container\">\n\t\t\t<h2 class=\"elementor-heading-title elementor-size-default\">v\u00eddeos<\/h2>\t\t<\/div>\n\t\t\t\t<\/div>\n\t\t\t\t\t<\/div>\n\t\t<\/div>\n\t\t\t\t\t\t\t<\/div>\n\t\t<\/section>\n\t\t\t\t<section class=\"elementor-section elementor-top-section elementor-element elementor-element-9755f61 elementor-section-boxed elementor-section-height-default elementor-section-height-default\" data-id=\"9755f61\" data-element_type=\"section\">\n\t\t\t\t\t\t<div class=\"elementor-container elementor-column-gap-default\">\n\t\t\t\t\t<div class=\"elementor-column elementor-col-100 elementor-top-column elementor-element elementor-element-e36e410\" data-id=\"e36e410\" data-element_type=\"column\">\n\t\t\t<div class=\"elementor-widget-wrap elementor-element-populated\">\n\t\t\t\t\t\t\t\t<div class=\"elementor-element elementor-element-b2e9552 elementor-aspect-ratio-169 elementor-widget elementor-widget-video\" data-id=\"b2e9552\" data-element_type=\"widget\" data-settings=\"{&quot;youtube_url&quot;:&quot;https:\\\/\\\/www.youtube.com\\\/watch?v=9cD2W5sgdTY&amp;list=PLgGqCjdt7wlvz6o4rb8o1MC1A5eZJUV11&amp;index=9&quot;,&quot;video_type&quot;:&quot;youtube&quot;,&quot;controls&quot;:&quot;yes&quot;,&quot;aspect_ratio&quot;:&quot;169&quot;}\" data-widget_type=\"video.default\">\n\t\t\t\t<div class=\"elementor-widget-container\">\n\t\t\t\t\t<div class=\"elementor-wrapper elementor-fit-aspect-ratio elementor-open-inline\">\n\t\t\t<div class=\"elementor-video\"><\/div>\t\t<\/div>\n\t\t\t\t<\/div>\n\t\t\t\t<\/div>\n\t\t\t\t\t<\/div>\n\t\t<\/div>\n\t\t\t\t\t\t\t<\/div>\n\t\t<\/section>\n\t\t\t\t<section class=\"elementor-section elementor-top-section elementor-element elementor-element-5dac73f elementor-section-boxed elementor-section-height-default elementor-section-height-default\" data-id=\"5dac73f\" data-element_type=\"section\">\n\t\t\t\t\t\t<div class=\"elementor-container elementor-column-gap-default\">\n\t\t\t\t\t<div class=\"elementor-column elementor-col-50 elementor-top-column elementor-element elementor-element-6dba869\" data-id=\"6dba869\" data-element_type=\"column\">\n\t\t\t<div class=\"elementor-widget-wrap elementor-element-populated\">\n\t\t\t\t\t\t\t\t<div class=\"elementor-element elementor-element-93d12ce elementor-aspect-ratio-169 elementor-widget elementor-widget-video\" data-id=\"93d12ce\" data-element_type=\"widget\" data-settings=\"{&quot;youtube_url&quot;:&quot;https:\\\/\\\/www.youtube.com\\\/watch?v=YT0m39MEsfo&amp;list=PLgGqCjdt7wlvz6o4rb8o1MC1A5eZJUV11&amp;index=12&quot;,&quot;video_type&quot;:&quot;youtube&quot;,&quot;controls&quot;:&quot;yes&quot;,&quot;aspect_ratio&quot;:&quot;169&quot;}\" data-widget_type=\"video.default\">\n\t\t\t\t<div class=\"elementor-widget-container\">\n\t\t\t\t\t<div class=\"elementor-wrapper elementor-fit-aspect-ratio elementor-open-inline\">\n\t\t\t<div class=\"elementor-video\"><\/div>\t\t<\/div>\n\t\t\t\t<\/div>\n\t\t\t\t<\/div>\n\t\t\t\t\t<\/div>\n\t\t<\/div>\n\t\t\t\t<div class=\"elementor-column elementor-col-50 elementor-top-column elementor-element elementor-element-f374adc\" data-id=\"f374adc\" data-element_type=\"column\">\n\t\t\t<div class=\"elementor-widget-wrap elementor-element-populated\">\n\t\t\t\t\t\t\t\t<div class=\"elementor-element elementor-element-21ae8dd elementor-aspect-ratio-169 elementor-widget elementor-widget-video\" data-id=\"21ae8dd\" data-element_type=\"widget\" data-settings=\"{&quot;youtube_url&quot;:&quot;https:\\\/\\\/www.youtube.com\\\/watch?v=nGizrNlXlcA&amp;list=PLgGqCjdt7wlvz6o4rb8o1MC1A5eZJUV11&amp;index=19&quot;,&quot;video_type&quot;:&quot;youtube&quot;,&quot;controls&quot;:&quot;yes&quot;,&quot;aspect_ratio&quot;:&quot;169&quot;}\" data-widget_type=\"video.default\">\n\t\t\t\t<div class=\"elementor-widget-container\">\n\t\t\t\t\t<div class=\"elementor-wrapper elementor-fit-aspect-ratio elementor-open-inline\">\n\t\t\t<div class=\"elementor-video\"><\/div>\t\t<\/div>\n\t\t\t\t<\/div>\n\t\t\t\t<\/div>\n\t\t\t\t\t<\/div>\n\t\t<\/div>\n\t\t\t\t\t\t\t<\/div>\n\t\t<\/section>\n\t\t\t\t<section class=\"elementor-section elementor-top-section elementor-element elementor-element-5c1e9ad elementor-section-boxed elementor-section-height-default elementor-section-height-default\" data-id=\"5c1e9ad\" data-element_type=\"section\">\n\t\t\t\t\t\t<div class=\"elementor-container elementor-column-gap-default\">\n\t\t\t\t\t<div class=\"elementor-column elementor-col-33 elementor-top-column elementor-element elementor-element-0a5a662\" data-id=\"0a5a662\" data-element_type=\"column\">\n\t\t\t<div class=\"elementor-widget-wrap elementor-element-populated\">\n\t\t\t\t\t\t\t\t<div class=\"elementor-element elementor-element-6b8aa39 elementor-aspect-ratio-169 elementor-widget elementor-widget-video\" data-id=\"6b8aa39\" data-element_type=\"widget\" data-settings=\"{&quot;youtube_url&quot;:&quot;https:\\\/\\\/www.youtube.com\\\/watch?v=yg3sbHmIRBc&amp;list=PLgGqCjdt7wlvz6o4rb8o1MC1A5eZJUV11&amp;index=2&quot;,&quot;video_type&quot;:&quot;youtube&quot;,&quot;controls&quot;:&quot;yes&quot;,&quot;aspect_ratio&quot;:&quot;169&quot;}\" data-widget_type=\"video.default\">\n\t\t\t\t<div class=\"elementor-widget-container\">\n\t\t\t\t\t<div class=\"elementor-wrapper elementor-fit-aspect-ratio elementor-open-inline\">\n\t\t\t<div class=\"elementor-video\"><\/div>\t\t<\/div>\n\t\t\t\t<\/div>\n\t\t\t\t<\/div>\n\t\t\t\t\t<\/div>\n\t\t<\/div>\n\t\t\t\t<div class=\"elementor-column elementor-col-33 elementor-top-column elementor-element elementor-element-390838d\" data-id=\"390838d\" data-element_type=\"column\">\n\t\t\t<div class=\"elementor-widget-wrap elementor-element-populated\">\n\t\t\t\t\t\t\t\t<div class=\"elementor-element elementor-element-3eb96d9 elementor-aspect-ratio-169 elementor-widget elementor-widget-video\" data-id=\"3eb96d9\" data-element_type=\"widget\" data-settings=\"{&quot;youtube_url&quot;:&quot;https:\\\/\\\/www.youtube.com\\\/watch?v=cvakvfXj0KE&quot;,&quot;video_type&quot;:&quot;youtube&quot;,&quot;controls&quot;:&quot;yes&quot;,&quot;aspect_ratio&quot;:&quot;169&quot;}\" data-widget_type=\"video.default\">\n\t\t\t\t<div class=\"elementor-widget-container\">\n\t\t\t\t\t<div class=\"elementor-wrapper elementor-fit-aspect-ratio elementor-open-inline\">\n\t\t\t<div class=\"elementor-video\"><\/div>\t\t<\/div>\n\t\t\t\t<\/div>\n\t\t\t\t<\/div>\n\t\t\t\t\t<\/div>\n\t\t<\/div>\n\t\t\t\t<div class=\"elementor-column elementor-col-33 elementor-top-column elementor-element elementor-element-9d4a015\" data-id=\"9d4a015\" data-element_type=\"column\">\n\t\t\t<div class=\"elementor-widget-wrap elementor-element-populated\">\n\t\t\t\t\t\t\t\t<div class=\"elementor-element elementor-element-fe3f935 elementor-aspect-ratio-169 elementor-widget elementor-widget-video\" data-id=\"fe3f935\" data-element_type=\"widget\" data-settings=\"{&quot;youtube_url&quot;:&quot;https:\\\/\\\/www.youtube.com\\\/watch?v=UWMS9htXA_A&amp;list=PLgGqCjdt7wlvz6o4rb8o1MC1A5eZJUV11&amp;index=3&quot;,&quot;video_type&quot;:&quot;youtube&quot;,&quot;controls&quot;:&quot;yes&quot;,&quot;aspect_ratio&quot;:&quot;169&quot;}\" data-widget_type=\"video.default\">\n\t\t\t\t<div class=\"elementor-widget-container\">\n\t\t\t\t\t<div class=\"elementor-wrapper elementor-fit-aspect-ratio elementor-open-inline\">\n\t\t\t<div class=\"elementor-video\"><\/div>\t\t<\/div>\n\t\t\t\t<\/div>\n\t\t\t\t<\/div>\n\t\t\t\t\t<\/div>\n\t\t<\/div>\n\t\t\t\t\t\t\t<\/div>\n\t\t<\/section>\n\t\t\t\t\t\t<\/div>\n\t\t\t\t\t<\/div>\n\t\t","protected":false},"excerpt":{"rendered":"<p>reutilizar alargar la vida \u00fatil al producto, d\u00e1ndole un nuevo uso las soluciones: 4r reutilizar \u00bfQu\u00e9 es REUTILIZAR?Consiste en volver a utilizar el mismo producto de nuevo, despu\u00e9s de haber sido transformado, actualizado o reparado, alargando su vida \u00fatil y ahorrando recursos. Ayuda a disminuir la brecha entre consumo de recursos y producci\u00f3n de desechos. &#8230; <a title=\"Reutilizar\" class=\"read-more\" href=\"http:\/\/www.helianto.eu\/4R\/reutilizar\/\" aria-label=\"M\u00e1s en Reutilizar\">Leer m\u00e1s<\/a><\/p>\n","protected":false},"author":1,"featured_media":0,"parent":0,"menu_order":0,"comment_status":"closed","ping_status":"closed","template":"","meta":{"footnotes":""},"class_list":["post-263","page","type-page","status-publish"],"_links":{"self":[{"href":"http:\/\/www.helianto.eu\/4R\/wp-json\/wp\/v2\/pages\/263","targetHints":{"allow":["GET"]}}],"collection":[{"href":"http:\/\/www.helianto.eu\/4R\/wp-json\/wp\/v2\/pages"}],"about":[{"href":"http:\/\/www.helianto.eu\/4R\/wp-json\/wp\/v2\/types\/page"}],"author":[{"embeddable":true,"href":"http:\/\/www.helianto.eu\/4R\/wp-json\/wp\/v2\/users\/1"}],"replies":[{"embeddable":true,"href":"http:\/\/www.helianto.eu\/4R\/wp-json\/wp\/v2\/comments?post=263"}],"version-history":[{"count":31,"href":"http:\/\/www.helianto.eu\/4R\/wp-json\/wp\/v2\/pages\/263\/revisions"}],"predecessor-version":[{"id":448,"href":"http:\/\/www.helianto.eu\/4R\/wp-json\/wp\/v2\/pages\/263\/revisions\/448"}],"wp:attachment":[{"href":"http:\/\/www.helianto.eu\/4R\/wp-json\/wp\/v2\/media?parent=263"}],"curies":[{"name":"wp","href":"https:\/\/api.w.org\/{rel}","templated":true}]}}