{"id":26,"date":"2021-10-20T09:24:17","date_gmt":"2021-10-20T09:24:17","guid":{"rendered":"http:\/\/www.helianto.eu\/4R\/our-story\/"},"modified":"2021-10-26T16:44:58","modified_gmt":"2021-10-26T16:44:58","slug":"traperos-de-emaus","status":"publish","type":"page","link":"http:\/\/www.helianto.eu\/4R\/traperos-de-emaus\/","title":{"rendered":"Traperos de Ema\u00fas"},"content":{"rendered":"\t\t<div data-elementor-type=\"wp-page\" data-elementor-id=\"26\" class=\"elementor elementor-26\" data-elementor-settings=\"[]\">\n\t\t\t\t\t\t\t<div class=\"elementor-section-wrap\">\n\t\t\t\t\t\t\t<section class=\"elementor-section elementor-top-section elementor-element elementor-element-14b6bb8c elementor-section-full_width elementor-section-content-top elementor-section-height-default elementor-section-height-default\" data-id=\"14b6bb8c\" data-element_type=\"section\">\n\t\t\t\t\t\t<div class=\"elementor-container elementor-column-gap-no\">\n\t\t\t\t\t<div class=\"elementor-column elementor-col-50 elementor-top-column elementor-element elementor-element-100544b1\" data-id=\"100544b1\" data-element_type=\"column\">\n\t\t\t<div class=\"elementor-widget-wrap elementor-element-populated\">\n\t\t\t\t\t\t\t\t<div class=\"elementor-element elementor-element-229986fa elementor-widget elementor-widget-image\" data-id=\"229986fa\" data-element_type=\"widget\" data-widget_type=\"image.default\">\n\t\t\t\t<div class=\"elementor-widget-container\">\n\t\t\t\t\t\t\t\t\t\t\t\t<figure class=\"wp-caption\">\n\t\t\t\t\t\t\t\t\t\t\t<a href=\"https:\/\/www.emausnavarra.org\/\">\n\t\t\t\t\t\t\t<img loading=\"lazy\" decoding=\"async\" width=\"3600\" height=\"2496\" src=\"http:\/\/www.helianto.eu\/4R\/wp-content\/uploads\/2021\/10\/LogoEmmausVerdeTrans.png\" class=\"attachment-full size-full\" alt=\"\" srcset=\"http:\/\/www.helianto.eu\/4R\/wp-content\/uploads\/2021\/10\/LogoEmmausVerdeTrans.png 3600w, http:\/\/www.helianto.eu\/4R\/wp-content\/uploads\/2021\/10\/LogoEmmausVerdeTrans-300x208.png 300w, http:\/\/www.helianto.eu\/4R\/wp-content\/uploads\/2021\/10\/LogoEmmausVerdeTrans-1024x710.png 1024w, http:\/\/www.helianto.eu\/4R\/wp-content\/uploads\/2021\/10\/LogoEmmausVerdeTrans-768x532.png 768w, http:\/\/www.helianto.eu\/4R\/wp-content\/uploads\/2021\/10\/LogoEmmausVerdeTrans-1536x1065.png 1536w, http:\/\/www.helianto.eu\/4R\/wp-content\/uploads\/2021\/10\/LogoEmmausVerdeTrans-2048x1420.png 2048w\" sizes=\"auto, (max-width: 3600px) 100vw, 3600px\" \/>\t\t\t\t\t\t\t\t<\/a>\n\t\t\t\t\t\t\t\t\t\t\t<figcaption class=\"widget-image-caption wp-caption-text\">Enlace a su web. Clic en el logo.<\/figcaption>\n\t\t\t\t\t\t\t\t\t\t<\/figure>\n\t\t\t\t\t\t\t\t\t<\/div>\n\t\t\t\t<\/div>\n\t\t\t\t\t<\/div>\n\t\t<\/div>\n\t\t\t\t<div class=\"elementor-column elementor-col-50 elementor-top-column elementor-element elementor-element-595c3087\" data-id=\"595c3087\" data-element_type=\"column\">\n\t\t\t<div class=\"elementor-widget-wrap elementor-element-populated\">\n\t\t\t\t\t\t\t\t<div class=\"elementor-element elementor-element-5b5ccbe8 elementor-widget elementor-widget-heading\" data-id=\"5b5ccbe8\" data-element_type=\"widget\" data-widget_type=\"heading.default\">\n\t\t\t\t<div class=\"elementor-widget-container\">\n\t\t\t<h1 class=\"elementor-heading-title elementor-size-default\">traperos ema\u00fas <\/h1>\t\t<\/div>\n\t\t\t\t<\/div>\n\t\t\t\t<div class=\"elementor-element elementor-element-131fb39d elementor-invisible elementor-widget elementor-widget-heading\" data-id=\"131fb39d\" data-element_type=\"widget\" data-settings=\"{&quot;_animation&quot;:&quot;fadeInDown&quot;}\" data-widget_type=\"heading.default\">\n\t\t\t\t<div class=\"elementor-widget-container\">\n\t\t\t<h2 class=\"elementor-heading-title elementor-size-default\">navarra<\/h2>\t\t<\/div>\n\t\t\t\t<\/div>\n\t\t\t\t<section class=\"elementor-section elementor-inner-section elementor-element elementor-element-956574 elementor-section-boxed elementor-section-height-default elementor-section-height-default\" data-id=\"956574\" data-element_type=\"section\">\n\t\t\t\t\t\t<div class=\"elementor-container elementor-column-gap-no\">\n\t\t\t\t\t<div class=\"elementor-column elementor-col-100 elementor-inner-column elementor-element elementor-element-40f6d973\" data-id=\"40f6d973\" data-element_type=\"column\">\n\t\t\t<div class=\"elementor-widget-wrap elementor-element-populated\">\n\t\t\t\t\t\t\t\t<div class=\"elementor-element elementor-element-7c9e3f07 elementor-widget__width-initial elementor-widget elementor-widget-image\" data-id=\"7c9e3f07\" data-element_type=\"widget\" data-widget_type=\"image.default\">\n\t\t\t\t<div class=\"elementor-widget-container\">\n\t\t\t\t\t\t\t\t\t\t\t\t\t\t\t<img loading=\"lazy\" decoding=\"async\" width=\"715\" height=\"1000\" src=\"http:\/\/www.helianto.eu\/4R\/wp-content\/uploads\/2021\/10\/panel11.jpg\" class=\"attachment-full size-full\" alt=\"\" srcset=\"http:\/\/www.helianto.eu\/4R\/wp-content\/uploads\/2021\/10\/panel11.jpg 715w, http:\/\/www.helianto.eu\/4R\/wp-content\/uploads\/2021\/10\/panel11-215x300.jpg 215w\" sizes=\"auto, (max-width: 715px) 100vw, 715px\" \/>\t\t\t\t\t\t\t\t\t\t\t\t\t\t\t<\/div>\n\t\t\t\t<\/div>\n\t\t\t\t<div class=\"elementor-element elementor-element-15f7b468 elementor-widget__width-initial animated-slow elementor-invisible elementor-widget elementor-widget-image\" data-id=\"15f7b468\" data-element_type=\"widget\" data-settings=\"{&quot;_animation&quot;:&quot;fadeInUp&quot;}\" data-widget_type=\"image.default\">\n\t\t\t\t<div class=\"elementor-widget-container\">\n\t\t\t\t\t\t\t\t\t\t\t\t\t\t\t<img loading=\"lazy\" decoding=\"async\" width=\"715\" height=\"1000\" src=\"http:\/\/www.helianto.eu\/4R\/wp-content\/uploads\/2021\/10\/panel12.jpg\" class=\"attachment-full size-full\" alt=\"\" srcset=\"http:\/\/www.helianto.eu\/4R\/wp-content\/uploads\/2021\/10\/panel12.jpg 715w, http:\/\/www.helianto.eu\/4R\/wp-content\/uploads\/2021\/10\/panel12-215x300.jpg 215w\" sizes=\"auto, (max-width: 715px) 100vw, 715px\" \/>\t\t\t\t\t\t\t\t\t\t\t\t\t\t\t<\/div>\n\t\t\t\t<\/div>\n\t\t\t\t\t<\/div>\n\t\t<\/div>\n\t\t\t\t\t\t\t<\/div>\n\t\t<\/section>\n\t\t\t\t\t<\/div>\n\t\t<\/div>\n\t\t\t\t\t\t\t<\/div>\n\t\t<\/section>\n\t\t\t\t<section class=\"elementor-section elementor-top-section elementor-element elementor-element-8fb7d65 elementor-section-full_width elementor-section-height-default elementor-section-height-default\" data-id=\"8fb7d65\" data-element_type=\"section\">\n\t\t\t\t\t\t<div class=\"elementor-container elementor-column-gap-no\">\n\t\t\t\t\t<div class=\"elementor-column elementor-col-50 elementor-top-column elementor-element elementor-element-3009b251\" data-id=\"3009b251\" data-element_type=\"column\">\n\t\t\t<div class=\"elementor-widget-wrap elementor-element-populated\">\n\t\t\t\t\t\t\t\t<div class=\"elementor-element elementor-element-49829745 elementor-widget elementor-widget-heading\" data-id=\"49829745\" data-element_type=\"widget\" data-widget_type=\"heading.default\">\n\t\t\t\t<div class=\"elementor-widget-container\">\n\t\t\t<h2 class=\"elementor-heading-title elementor-size-default\">\u00bfNos conoces?<\/h2>\t\t<\/div>\n\t\t\t\t<\/div>\n\t\t\t\t<div class=\"elementor-element elementor-element-bc85147 elementor-widget elementor-widget-text-editor\" data-id=\"bc85147\" data-element_type=\"widget\" data-widget_type=\"text-editor.default\">\n\t\t\t\t<div class=\"elementor-widget-container\">\n\t\t\t\t\t\t\t<p>\u201cSomos \u00abtraper@s\u00bb, viejo oficio del que obtenemos nuestros recursos y que actualizamos con la Recogida Selectiva, Preparaci\u00f3n para la Reutilizaci\u00f3n y Reciclaje de objetos y materiales procedentes de los Residuos en convenios con 16 Mancomunidades de Navarra y diferentes SCRAPs (Sistemas de Gesti\u00f3n) y ponemos a la venta en nuestros rastros.\u201d<\/p>\t\t\t\t\t\t<\/div>\n\t\t\t\t<\/div>\n\t\t\t\t<div class=\"elementor-element elementor-element-4462af46 elementor-view-default elementor-vertical-align-top elementor-invisible elementor-widget elementor-widget-icon-box\" data-id=\"4462af46\" data-element_type=\"widget\" data-settings=\"{&quot;_animation&quot;:&quot;fadeIn&quot;}\" data-widget_type=\"icon-box.default\">\n\t\t\t\t<div class=\"elementor-widget-container\">\n\t\t\t\t\t<div class=\"elementor-icon-box-wrapper\">\n\t\t\t\t\t\t<div class=\"elementor-icon-box-content\">\n\t\t\t\t<h3 class=\"elementor-icon-box-title\">\n\t\t\t\t\t<span  >\n\t\t\t\t\t\tPrevenci\u00f3n de residuos\t\t\t\t\t<\/span>\n\t\t\t\t<\/h3>\n\t\t\t\t\t\t\t\t\t<p class=\"elementor-icon-box-description\">\n\t\t\t\t\t\tCon el taller \"Arreglatelas, Hemen Konpon\" y actividades y talleres sensibilizan a la poblaci\u00f3n para consumir y producir menos y de forma responsable. En el taller encuentras un espacio y herramientas para arreglar antes de tirar.\t\t\t\t\t<\/p>\n\t\t\t\t\t\t\t<\/div>\n\t\t<\/div>\n\t\t\t\t<\/div>\n\t\t\t\t<\/div>\n\t\t\t\t<div class=\"elementor-element elementor-element-5036741 elementor-view-default elementor-vertical-align-top elementor-invisible elementor-widget elementor-widget-icon-box\" data-id=\"5036741\" data-element_type=\"widget\" data-settings=\"{&quot;_animation&quot;:&quot;fadeIn&quot;}\" data-widget_type=\"icon-box.default\">\n\t\t\t\t<div class=\"elementor-widget-container\">\n\t\t\t\t\t<div class=\"elementor-icon-box-wrapper\">\n\t\t\t\t\t\t<div class=\"elementor-icon-box-content\">\n\t\t\t\t<h3 class=\"elementor-icon-box-title\">\n\t\t\t\t\t<span  >\n\t\t\t\t\t\tRecogida selectiva\t\t\t\t\t<\/span>\n\t\t\t\t<\/h3>\n\t\t\t\t\t\t\t\t\t<p class=\"elementor-icon-box-description\">\n\t\t\t\t\t\tRecogida domiciliaria, puntos limpios, establecimientos, contenedores. Recogen objetos y materiales en convenio con 16 Mancomunidades y diferentes SCRAPS en toda Navarra. La recogida domiciliaria, \"puerta a puerta\" permite mantener una relaci\u00f3n cercana con la ciudadan\u00eda y posibilita una mayor recuperaci\u00f3n de los residuos.\t\t\t\t\t<\/p>\n\t\t\t\t\t\t\t<\/div>\n\t\t<\/div>\n\t\t\t\t<\/div>\n\t\t\t\t<\/div>\n\t\t\t\t<div class=\"elementor-element elementor-element-c89c12f elementor-view-default elementor-vertical-align-top elementor-invisible elementor-widget elementor-widget-icon-box\" data-id=\"c89c12f\" data-element_type=\"widget\" data-settings=\"{&quot;_animation&quot;:&quot;fadeIn&quot;}\" data-widget_type=\"icon-box.default\">\n\t\t\t\t<div class=\"elementor-widget-container\">\n\t\t\t\t\t<div class=\"elementor-icon-box-wrapper\">\n\t\t\t\t\t\t<div class=\"elementor-icon-box-content\">\n\t\t\t\t<h3 class=\"elementor-icon-box-title\">\n\t\t\t\t\t<span  >\n\t\t\t\t\t\treparaci\u00f3n para  la reutilizaci\u00f3n\t\t\t\t\t<\/span>\n\t\t\t\t<\/h3>\n\t\t\t\t\t\t\t\t\t<p class=\"elementor-icon-box-description\">\n\t\t\t\t\t\tCon la recuperaci\u00f3n de residuos rompen con el ciclo de \"tomar-fabricar-comprar-tirar\" posibilitando que tanto objetos como materiales vuelvan a su ciclo de utilidad. \t\t\t\t\t<\/p>\n\t\t\t\t\t\t\t<\/div>\n\t\t<\/div>\n\t\t\t\t<\/div>\n\t\t\t\t<\/div>\n\t\t\t\t<div class=\"elementor-element elementor-element-7e68eea elementor-view-default elementor-vertical-align-top elementor-invisible elementor-widget elementor-widget-icon-box\" data-id=\"7e68eea\" data-element_type=\"widget\" data-settings=\"{&quot;_animation&quot;:&quot;fadeIn&quot;,&quot;_animation_delay&quot;:200}\" data-widget_type=\"icon-box.default\">\n\t\t\t\t<div class=\"elementor-widget-container\">\n\t\t\t\t\t<div class=\"elementor-icon-box-wrapper\">\n\t\t\t\t\t\t<div class=\"elementor-icon-box-content\">\n\t\t\t\t<h3 class=\"elementor-icon-box-title\">\n\t\t\t\t\t<span  >\n\t\t\t\t\t\tventas\t\t\t\t\t<\/span>\n\t\t\t\t<\/h3>\n\t\t\t\t\t\t\t\t\t<p class=\"elementor-icon-box-description\">\n\t\t\t\t\t\tEn los rastros ubicados en diferentes zonas ofrecen los diferentes objetos recogidos, clasificados, y reparados, a precios asequibles. Los materiales obtenidos del proceso de preparaci\u00f3n para el reciclaje se env\u00edan a gestores autorizados.\t\t\t\t\t<\/p>\n\t\t\t\t\t\t\t<\/div>\n\t\t<\/div>\n\t\t\t\t<\/div>\n\t\t\t\t<\/div>\n\t\t\t\t\t<\/div>\n\t\t<\/div>\n\t\t\t\t<div class=\"elementor-column elementor-col-50 elementor-top-column elementor-element elementor-element-43814f30\" data-id=\"43814f30\" data-element_type=\"column\">\n\t\t\t<div class=\"elementor-widget-wrap elementor-element-populated\">\n\t\t\t\t\t\t\t\t<div class=\"elementor-element elementor-element-6cbc3d2b elementor-widget elementor-widget-image\" data-id=\"6cbc3d2b\" data-element_type=\"widget\" data-widget_type=\"image.default\">\n\t\t\t\t<div class=\"elementor-widget-container\">\n\t\t\t\t\t\t\t\t\t\t\t\t\t\t\t<img loading=\"lazy\" decoding=\"async\" width=\"1920\" height=\"1150\" src=\"http:\/\/www.helianto.eu\/4R\/wp-content\/uploads\/2021\/10\/sales02.jpg\" class=\"attachment-full size-full\" alt=\"\" srcset=\"http:\/\/www.helianto.eu\/4R\/wp-content\/uploads\/2021\/10\/sales02.jpg 1920w, http:\/\/www.helianto.eu\/4R\/wp-content\/uploads\/2021\/10\/sales02-300x180.jpg 300w, http:\/\/www.helianto.eu\/4R\/wp-content\/uploads\/2021\/10\/sales02-1024x613.jpg 1024w, http:\/\/www.helianto.eu\/4R\/wp-content\/uploads\/2021\/10\/sales02-768x460.jpg 768w, http:\/\/www.helianto.eu\/4R\/wp-content\/uploads\/2021\/10\/sales02-1536x920.jpg 1536w\" sizes=\"auto, (max-width: 1920px) 100vw, 1920px\" \/>\t\t\t\t\t\t\t\t\t\t\t\t\t\t\t<\/div>\n\t\t\t\t<\/div>\n\t\t\t\t<div class=\"elementor-element elementor-element-12cbd84b elementor-view-default elementor-position-top elementor-vertical-align-top elementor-widget elementor-widget-icon-box\" data-id=\"12cbd84b\" data-element_type=\"widget\" data-widget_type=\"icon-box.default\">\n\t\t\t\t<div class=\"elementor-widget-container\">\n\t\t\t\t\t<div class=\"elementor-icon-box-wrapper\">\n\t\t\t\t\t\t<div class=\"elementor-icon-box-icon\">\n\t\t\t\t<span class=\"elementor-icon elementor-animation-\" >\n\t\t\t\t<svg xmlns=\"http:\/\/www.w3.org\/2000\/svg\" id=\"babd51c6-232f-4668-aa27-cf262924e93d\" data-name=\"Layer 1\" width=\"61.8\" height=\"53.9999\" viewBox=\"0 0 61.8 53.9999\"><path d=\"M58.6,34.2a11.0935,11.0935,0,0,0-8.4-3.6,4.0745,4.0745,0,0,1-3-1,4.5281,4.5281,0,0,1-1-3q0-6.6,4.8-13A39.3606,39.3606,0,0,1,62,3.4L59.8.2Q47.2,6.4,41,15.6a35.6044,35.6044,0,0,0-6,20.2q0,8.2,4,13.4a13.8883,13.8883,0,0,0,11.2,5A11.7892,11.7892,0,0,0,58.6,51a11.0936,11.0936,0,0,0,3.6-8.4A11.0936,11.0936,0,0,0,58.6,34.2Z\" transform=\"translate(-0.4 -0.2)\"><\/path><path d=\"M15.6,30.6a4.0745,4.0745,0,0,1-3-1,4.5281,4.5281,0,0,1-1-3q0-6.6,4.8-13a39.3606,39.3606,0,0,1,11-10.2L25.2.2Q12.6,6.4,6.4,15.6a35.6044,35.6044,0,0,0-6,20.2q0,8.2,4,13.4a13.8883,13.8883,0,0,0,11.2,5A11.7892,11.7892,0,0,0,24,51a11.0936,11.0936,0,0,0,3.6-8.4A11.0936,11.0936,0,0,0,24,34.2,11.0935,11.0935,0,0,0,15.6,30.6Z\" transform=\"translate(-0.4 -0.2)\"><\/path><\/svg>\t\t\t\t<\/span>\n\t\t\t<\/div>\n\t\t\t\t\t\t<div class=\"elementor-icon-box-content\">\n\t\t\t\t<h3 class=\"elementor-icon-box-title\">\n\t\t\t\t\t<span  >\n\t\t\t\t\t\tPioneros en la Econom\u00eda Circular, vivimos de nuestro trabajo.\t\t\t\t\t<\/span>\n\t\t\t\t<\/h3>\n\t\t\t\t\t\t\t\t\t<p class=\"elementor-icon-box-description\">\n\t\t\t\t\t\tTraperos de ema\u00fas\t\t\t\t\t<\/p>\n\t\t\t\t\t\t\t<\/div>\n\t\t<\/div>\n\t\t\t\t<\/div>\n\t\t\t\t<\/div>\n\t\t\t\t<div class=\"elementor-element elementor-element-2f9f974 elementor-widget elementor-widget-image\" data-id=\"2f9f974\" data-element_type=\"widget\" data-widget_type=\"image.default\">\n\t\t\t\t<div class=\"elementor-widget-container\">\n\t\t\t\t\t\t\t\t\t\t\t\t\t\t\t<img loading=\"lazy\" decoding=\"async\" width=\"2560\" height=\"1707\" src=\"http:\/\/www.helianto.eu\/4R\/wp-content\/uploads\/2021\/10\/EJZmtneWkAEh9FX-scaled.jpg\" class=\"attachment-full size-full\" alt=\"\" srcset=\"http:\/\/www.helianto.eu\/4R\/wp-content\/uploads\/2021\/10\/EJZmtneWkAEh9FX-scaled.jpg 2560w, http:\/\/www.helianto.eu\/4R\/wp-content\/uploads\/2021\/10\/EJZmtneWkAEh9FX-300x200.jpg 300w, http:\/\/www.helianto.eu\/4R\/wp-content\/uploads\/2021\/10\/EJZmtneWkAEh9FX-1024x683.jpg 1024w, http:\/\/www.helianto.eu\/4R\/wp-content\/uploads\/2021\/10\/EJZmtneWkAEh9FX-768x512.jpg 768w, http:\/\/www.helianto.eu\/4R\/wp-content\/uploads\/2021\/10\/EJZmtneWkAEh9FX-1536x1024.jpg 1536w, http:\/\/www.helianto.eu\/4R\/wp-content\/uploads\/2021\/10\/EJZmtneWkAEh9FX-2048x1366.jpg 2048w\" sizes=\"auto, (max-width: 2560px) 100vw, 2560px\" \/>\t\t\t\t\t\t\t\t\t\t\t\t\t\t\t<\/div>\n\t\t\t\t<\/div>\n\t\t\t\t\t<\/div>\n\t\t<\/div>\n\t\t\t\t\t\t\t<\/div>\n\t\t<\/section>\n\t\t\t\t<section class=\"elementor-section elementor-top-section elementor-element elementor-element-54eeb16 elementor-section-boxed elementor-section-height-default elementor-section-height-default\" data-id=\"54eeb16\" data-element_type=\"section\">\n\t\t\t\t\t\t<div class=\"elementor-container elementor-column-gap-default\">\n\t\t\t\t\t<div class=\"elementor-column elementor-col-100 elementor-top-column elementor-element elementor-element-c35b213\" data-id=\"c35b213\" data-element_type=\"column\">\n\t\t\t<div class=\"elementor-widget-wrap elementor-element-populated\">\n\t\t\t\t\t\t\t\t<div class=\"elementor-element elementor-element-8901603 elementor-aspect-ratio-169 elementor-widget elementor-widget-video\" data-id=\"8901603\" data-element_type=\"widget\" data-settings=\"{&quot;video_type&quot;:&quot;hosted&quot;,&quot;controls&quot;:&quot;yes&quot;,&quot;aspect_ratio&quot;:&quot;169&quot;}\" data-widget_type=\"video.default\">\n\t\t\t\t<div class=\"elementor-widget-container\">\n\t\t\t\t\t<div class=\"e-hosted-video elementor-wrapper elementor-fit-aspect-ratio elementor-open-inline\">\n\t\t\t\t\t<video class=\"elementor-video\" src=\"https:\/\/www.emausnavarra.org\/videos\/video01.mp4\" controls=\"\" controlsList=\"nodownload\"><\/video>\n\t\t\t\t<\/div>\n\t\t\t\t<\/div>\n\t\t\t\t<\/div>\n\t\t\t\t\t<\/div>\n\t\t<\/div>\n\t\t\t\t\t\t\t<\/div>\n\t\t<\/section>\n\t\t\t\t\t\t<\/div>\n\t\t\t\t\t<\/div>\n\t\t","protected":false},"excerpt":{"rendered":"<p>Enlace a su web. Clic en el logo. traperos ema\u00fas navarra \u00bfNos conoces? \u201cSomos \u00abtraper@s\u00bb, viejo oficio del que obtenemos nuestros recursos y que actualizamos con la Recogida Selectiva, Preparaci\u00f3n para la Reutilizaci\u00f3n y Reciclaje de objetos y materiales procedentes de los Residuos en convenios con 16 Mancomunidades de Navarra y diferentes SCRAPs (Sistemas de &#8230; <a title=\"Traperos de Ema\u00fas\" class=\"read-more\" href=\"http:\/\/www.helianto.eu\/4R\/traperos-de-emaus\/\" aria-label=\"M\u00e1s en Traperos de Ema\u00fas\">Leer m\u00e1s<\/a><\/p>\n","protected":false},"author":1,"featured_media":0,"parent":0,"menu_order":0,"comment_status":"closed","ping_status":"closed","template":"","meta":{"footnotes":""},"class_list":["post-26","page","type-page","status-publish"],"_links":{"self":[{"href":"http:\/\/www.helianto.eu\/4R\/wp-json\/wp\/v2\/pages\/26","targetHints":{"allow":["GET"]}}],"collection":[{"href":"http:\/\/www.helianto.eu\/4R\/wp-json\/wp\/v2\/pages"}],"about":[{"href":"http:\/\/www.helianto.eu\/4R\/wp-json\/wp\/v2\/types\/page"}],"author":[{"embeddable":true,"href":"http:\/\/www.helianto.eu\/4R\/wp-json\/wp\/v2\/users\/1"}],"replies":[{"embeddable":true,"href":"http:\/\/www.helianto.eu\/4R\/wp-json\/wp\/v2\/comments?post=26"}],"version-history":[{"count":36,"href":"http:\/\/www.helianto.eu\/4R\/wp-json\/wp\/v2\/pages\/26\/revisions"}],"predecessor-version":[{"id":492,"href":"http:\/\/www.helianto.eu\/4R\/wp-json\/wp\/v2\/pages\/26\/revisions\/492"}],"wp:attachment":[{"href":"http:\/\/www.helianto.eu\/4R\/wp-json\/wp\/v2\/media?parent=26"}],"curies":[{"name":"wp","href":"https:\/\/api.w.org\/{rel}","templated":true}]}}